{"id":84,"date":"2024-05-01T17:37:37","date_gmt":"2024-05-01T15:37:37","guid":{"rendered":"https:\/\/www.bb27000.fr\/?page_id=84"},"modified":"2024-10-04T17:02:46","modified_gmt":"2024-10-04T15:02:46","slug":"partie-personnelle","status":"publish","type":"page","link":"https:\/\/bb27000.fr\/index.php\/partie-personnelle\/","title":{"rendered":"Partie personnelle"},"content":{"rendered":"\n<p>Tout ce qui m&rsquo;est arriv\u00e9 en 25 ans de chemin de fer. Le pire et le meilleur.<\/p>\n\n\n\n<ul class=\"wp-block-list\">\n<li>01&nbsp;\u00e0&nbsp;10<\/li>\n\n\n\n<li><a href=\"https:\/\/twitter.com\/BB27000\/status\/1216108755135365120?s=20\">Mon boulot \u00e0 la SNCF partie 1<\/a><\/li>\n\n\n\n<li><a href=\"https:\/\/twitter.com\/BB27000\/status\/1219980976002039809?s=20\">Mon boulot \u00e0 la SNCF partie 2<\/a><\/li>\n\n\n\n<li>&nbsp;<a href=\"https:\/\/twitter.com\/BB27000\/status\/1247967580624695297?s=20\">Mon premier Accident de Personne (Sujet sensible ; -18ans)<\/a><\/li>\n\n\n\n<li><a href=\"https:\/\/twitter.com\/BB27000\/status\/1128211029765304325?s=20\"><s>Parce que nous sommes faillible, la liste des moments de honte: (Cat\u00e9gorie Gal\u00e8re)<\/s><\/a><\/li>\n\n\n\n<li><a href=\"https:\/\/twitter.com\/BB27000\/status\/1281155278629724160?s=20\"><s>L&rsquo;engueulade XXL (Cat\u00e9gorie Histoire vraie)<\/s><\/a><\/li>\n\n\n\n<li><a href=\"https:\/\/twitter.com\/BB27000\/status\/1280563625313304586?s=20\">Oups la boulette (Cat\u00e9gorie Histoire vraie)<\/a>&nbsp;<\/li>\n\n\n\n<li><a href=\"https:\/\/twitter.com\/BB27000\/status\/1073825778339590144\">Les 100 meilleurs anecdotes qui me sont arriv\u00e9es au boulot.<\/a><\/li>\n\n\n\n<li><a href=\"https:\/\/twitter.com\/BB27000\/status\/1268900396359188484?s=20\">Les r\u00eaves des conducteurs de train (Cat\u00e9gorie subconscient)<\/a><\/li>\n\n\n\n<li><a href=\"https:\/\/twitter.com\/BB27000\/status\/1266995189551374338?s=20\">Le test de la clim \u00ab\u00a0Arabe\u00a0\u00bb (Cat\u00e9gorie truc rat\u00e9)<\/a><\/li>\n\n\n\n<li><a href=\"https:\/\/twitter.com\/BB27000\/status\/1263759229065846784?s=20\"><s>Le jour o\u00f9 je me suis vraiment pel\u00e9 les coui&#8230;. (Cat\u00e9gorie histoire vraie)<\/s><\/a><\/li>\n\n\n\n<li>11&nbsp;\u00e0&nbsp;20<\/li>\n\n\n\n<li><a href=\"https:\/\/twitter.com\/BB27000\/status\/1286547581393424384?s=20\">Comment se d\u00e9barrasser des Casses Bonbons? (Cat\u00e9gorie truc et astuce)<\/a><\/li>\n\n\n\n<li><a href=\"https:\/\/twitter.com\/BB27000\/status\/1134398885194076161?s=20\">Comment je verrais un train parfait (Categorie reverie)<\/a><\/li>\n\n\n\n<li><a href=\"https:\/\/twitter.com\/BB27000\/status\/1307400144216829955?s=20\">Un d\u00e9minage bruyant (Cat\u00e9gorie Sc\u00e8ne de m\u00e9nage)<\/a>&nbsp;<\/li>\n\n\n\n<li><a href=\"https:\/\/twitter.com\/BB27000\/status\/1353266170732765186?s=20\">Le tunnel avec une surprise dedans (Cat\u00e9gorie Histoire Vraie)<\/a><\/li>\n\n\n\n<li><a href=\"https:\/\/twitter.com\/BB27000\/status\/1350143101856325632?s=20\">La fois o\u00f9 j&rsquo;ai failli acheter un train, un vrai (Cat\u00e9gorie histoire vraie)<\/a><\/li>\n\n\n\n<li><a href=\"https:\/\/twitter.com\/BB27000\/status\/1336408290390122498?s=20\">Le rubis perdu dans le Corail (Cat\u00e9gorie Histoire Vraie)<\/a><\/li>\n\n\n\n<li><a href=\"https:\/\/twitter.com\/BB27000\/status\/1363086558228869122?s=20\">Quand on veut rouler plus vite qu&rsquo;un train (Cat\u00e9gorie Histoire Vraie)<\/a><\/li>\n\n\n\n<li><a href=\"https:\/\/twitter.com\/BB27000\/status\/1379810734163558414?s=20\"><s>Ma pire journ\u00e9e de conducteur de train (Cat\u00e9gorie histoire vraie)<\/s><\/a><\/li>\n\n\n\n<li><a href=\"https:\/\/twitter.com\/BB27000\/status\/1381159530277580800?s=20\">Une de mes train pr\u00e9f\u00e9r\u00e9,&nbsp;le chasse neige (Cat\u00e9gorie Technique)<\/a><\/li>\n\n\n\n<li><a href=\"https:\/\/twitter.com\/BB27000\/status\/1390942603424710656?s=20\">Le wagon rose (Cat\u00e9gorie Histoire vraie)<\/a><\/li>\n\n\n\n<li>21&nbsp;\u00e0&nbsp;30<\/li>\n\n\n\n<li><a href=\"https:\/\/twitter.com\/bb27000\/status\/1382730618958708739?s=21\">Qu\u2019y a t\u2019il dans un sac de conducteur ? (Cat\u00e9gorie vie de cheminot )<\/a><\/li>\n\n\n\n<li><a href=\"https:\/\/twitter.com\/BB27000\/status\/1437073358798131200?s=20\">Le jour o\u00f9 c&rsquo;est pass\u00e9 pas loin (Cat\u00e9gorie vie de cheminot)<\/a><\/li>\n\n\n\n<li><a href=\"https:\/\/twitter.com\/bb27000\/status\/1416308000265019393?s=21&amp;t=jmArz26OBgghNW6RrEKwSw\">Le jour o\u00f9 j\u2019ai pris une grande le\u00e7on de vie (cat\u00e9gorie Histoire vraie)<\/a><\/li>\n\n\n\n<li><a href=\"https:\/\/twitter.com\/BB27000\/status\/1402988404824973319?s=20\">Ma plus grosse boulette (Cat\u00e9gorie Histoire)<\/a><\/li>\n\n\n\n<li><a href=\"https:\/\/twitter.com\/BB27000\/status\/1456726599676616704?s=20\"><s>La nuit de la pousse (Cat\u00e9gorie histoire vraie)<\/s><\/a><\/li>\n\n\n\n<li><a href=\"https:\/\/twitter.com\/BB27000\/status\/1461344588048781313?s=20\">A une lettre pr\u00e8s (Cat\u00e9gorie histoire vraie)<\/a><\/li>\n\n\n\n<li><a href=\"https:\/\/twitter.com\/BB27000\/status\/1460639196524253192?s=20\">Le jour o\u00f9 j&rsquo;ai cru en dieu (Cat\u00e9gorie histoire vraie)<\/a><\/li>\n\n\n\n<li><a href=\"https:\/\/twitter.com\/BB27000\/status\/1487719504545210370?s=20&amp;t=XY1hEebQiJ6DRfuABWM-fg\">Le jour o\u00f9 j&rsquo;ai d\u00e9couvert la banlieue (Cat\u00e9gorie histoire vraie)<\/a><\/li>\n\n\n\n<li><a href=\"https:\/\/twitter.com\/BB27000\/status\/1485244529141862404?s=20&amp;t=XY1hEebQiJ6DRfuABWM-fg\"><s>La fabuleuse histoire du bar en Cuivre (cat\u00e9gorie histoire vraie)<\/s><\/a><\/li>\n\n\n\n<li><a href=\"https:\/\/twitter.com\/BB27000\/status\/1479857251250683914?s=20&amp;t=XY1hEebQiJ6DRfuABWM-fg\">Le crocodile dans le tiroir (cat\u00e9gorie histoire vraie)<\/a><\/li>\n\n\n\n<li>31&nbsp;\u00e0&nbsp;40<\/li>\n\n\n\n<li><a href=\"https:\/\/twitter.com\/BB27000\/status\/1476595453907156999?s=20&amp;t=XY1hEebQiJ6DRfuABWM-fg\"><s>Le jour o\u00f9 j&rsquo;ai d\u00e9couvert une banque de western (Cat\u00e9gorie histoire vraie)<\/s><\/a><\/li>\n\n\n\n<li><a href=\"https:\/\/twitter.com\/BB27000\/status\/1476094804714995719?s=20&amp;t=XY1hEebQiJ6DRfuABWM-fg\">La salopette rouge (Cat\u00e9gorie Histoire vraie)<\/a><\/li>\n\n\n\n<li><a href=\"https:\/\/twitter.com\/BB27000\/status\/1475504392614957061?s=20&amp;t=XY1hEebQiJ6DRfuABWM-fg\">L&rsquo;agression (Cat\u00e9gorie histoire vraie)<\/a><\/li>\n\n\n\n<li><a href=\"https:\/\/twitter.com\/BB27000\/status\/1515015080026558471?s=20&amp;t=dBaCNZFGy_d4nREZ4lbeuQ\"><s>Comment je conduisais le train de nuit (Cat\u00e9gorie histoire vraie)<\/s><\/a><\/li>\n\n\n\n<li><a href=\"https:\/\/twitter.com\/BB27000\/status\/1503761111262318597?s=20&amp;t=dBaCNZFGy_d4nREZ4lbeuQ\"><s>Je me suis fais mordre par le chien noir (Cat\u00e9gorie histoire vraie)<\/s><\/a><\/li>\n\n\n\n<li><a href=\"https:\/\/twitter.com\/BB27000\/status\/1497471704293126144?s=20&amp;t=dBaCNZFGy_d4nREZ4lbeuQ\">Le jour o\u00f9 j&rsquo;ai refus\u00e9 de passer \u00e0 TF1 (Cat\u00e9gorie histoire vraie)<\/a><\/li>\n\n\n\n<li><a href=\"https:\/\/twitter.com\/BB27000\/status\/1534594362256023552?s=20&amp;t=BrlACtkvRRxp5ItyXPMb6w\"><s>Le Dromadaire qui me fonce dessus. (Cat\u00e9gorie Histoire vraie)<\/s><\/a><\/li>\n\n\n\n<li><a href=\"https:\/\/twitter.com\/BB27000\/status\/1521169116253597702?s=20&amp;t=BrlACtkvRRxp5ItyXPMb6w\">Le jour o\u00f9 j&rsquo;ai dout\u00e9 (cat\u00e9gorie histoire vraie)<\/a><\/li>\n\n\n\n<li><a href=\"https:\/\/twitter.com\/BB27000\/status\/1516429350140362757?s=20&amp;t=BrlACtkvRRxp5ItyXPMb6w\"><s>La plus belle nuit du monde (cat\u00e9gorie histoire vraie)<\/s><\/a><\/li>\n\n\n\n<li><a href=\"https:\/\/twitter.com\/BB27000\/status\/1516076519646543875?s=20&amp;t=BrlACtkvRRxp5ItyXPMb6w\">Les bonbons perdus (cat\u00e9gorie histoire vraie)<\/a><\/li>\n\n\n\n<li>41&nbsp;\u00e0&nbsp;50<\/li>\n\n\n\n<li><a href=\"https:\/\/twitter.com\/BB27000\/status\/1515722726723534848?s=20&amp;t=BrlACtkvRRxp5ItyXPMb6w\">La mutation \u00e0 Aurillac (Cat\u00e9gorie histoire vraie)<\/a><\/li>\n\n\n\n<li><a href=\"https:\/\/twitter.com\/BB27000\/status\/1545336114285875203?s=20&amp;t=0xf0FsA2p7z_9FFv-91mPA\">Le TGV tr\u00e8s hot (Cat\u00e9gorie histoire vraie)<\/a><\/li>\n\n\n\n<li><a href=\"https:\/\/twitter.com\/BB27000\/status\/1541371293265805312?s=20&amp;t=0xf0FsA2p7z_9FFv-91mPA\">Ma moto dans mon train (Cat\u00e9gorie histoire vraie)<\/a><\/li>\n\n\n\n<li><a href=\"https:\/\/twitter.com\/BB27000\/status\/1537466327140532224?s=20&amp;t=0xf0FsA2p7z_9FFv-91mPA\">La canicule de 2003 (Cat\u00e9gorie histoire vraie)<\/a><\/li>\n\n\n\n<li><a href=\"https:\/\/twitter.com\/BB27000\/status\/1537133368655200257?s=20&amp;t=0xf0FsA2p7z_9FFv-91mPA\">La nuit dans le m\u00e9tro (Cat\u00e9gorie histoire vraie)<\/a><\/li>\n\n\n\n<li><a href=\"https:\/\/twitter.com\/BB27000\/status\/1557706739470016513?s=20&amp;t=IWcMoC76g2psGq__xxmSzw\"><s>LA boulette du RER C (cat\u00e9gorie histoire vraie)<\/s><\/a><\/li>\n\n\n\n<li><a href=\"https:\/\/twitter.com\/BB27000\/status\/1555672950216560640?s=20&amp;t=IWcMoC76g2psGq__xxmSzw\"><s>Le train catastrophe (Cat\u00e9gorie histoire vraie)<\/s><\/a><\/li>\n\n\n\n<li><a href=\"https:\/\/twitter.com\/BB27000\/status\/1551225188720803842?s=20&amp;t=IWcMoC76g2psGq__xxmSzw\">L&rsquo;agression de la passag\u00e8re (Cat\u00e9gorie histoire vraie)<\/a><\/li>\n\n\n\n<li><a href=\"https:\/\/twitter.com\/BB27000\/status\/1549807981964951556?s=20&amp;t=IWcMoC76g2psGq__xxmSzw\">Le bar pr\u00e8s de la gare (cat\u00e9gorie histoire vraie)<\/a><\/li>\n\n\n\n<li><a href=\"https:\/\/twitter.com\/BB27000\/status\/1548296802968879109?s=20&amp;t=IWcMoC76g2psGq__xxmSzw\"><s>Le signal d&rsquo;alarme qui tue (Cat\u00e9gorie histoire vraie)<\/s><\/a><\/li>\n\n\n\n<li>51&nbsp;\u00e0&nbsp;60<\/li>\n\n\n\n<li><a href=\"https:\/\/twitter.com\/BB27000\/status\/1558729194913275905?s=20&amp;t=mVleXcpoRQbf6wc3C1iUWQ\"><s>Le chasseur chass\u00e9 (Cat\u00e9gorie histoire vraie)<\/s><\/a><\/li>\n\n\n\n<li><a href=\"https:\/\/twitter.com\/BB27000\/status\/1570057110595010561?s=20&amp;t=YbXXGcFQipcSN9qMVu9elw\"><s>Le faux suicide du RER (Cat\u00e9gorie histoire Vraie)<\/s><\/a><\/li>\n\n\n\n<li><a href=\"https:\/\/twitter.com\/BB27000\/status\/1567522062159253504?s=20&amp;t=YbXXGcFQipcSN9qMVu9elw\">Le wagon de patates (Cat\u00e9gorie histoire vraie)<\/a><\/li>\n\n\n\n<li><a href=\"https:\/\/twitter.com\/BB27000\/status\/1566420223439392773?s=20&amp;t=YbXXGcFQipcSN9qMVu9elw\">La panne avec le directeur (Cat\u00e9gorie histoire vraie)<\/a><\/li>\n\n\n\n<li><a href=\"https:\/\/twitter.com\/BB27000\/status\/1565356923461017600?s=20&amp;t=YbXXGcFQipcSN9qMVu9elw\">Le train o\u00f9 tu pleures deux fois (Cat\u00e9gorie histoire vraie)<\/a><\/li>\n\n\n\n<li><a href=\"https:\/\/twitter.com\/BB27000\/status\/1565024960497831938?s=20&amp;t=YbXXGcFQipcSN9qMVu9elw\"><s>La mont\u00e9e impossible (Cat\u00e9gorie histoire vraie)<\/s><\/a><\/li>\n\n\n\n<li><a href=\"https:\/\/twitter.com\/BB27000\/status\/1577924538591055872?s=20&amp;t=9C3V83611wRoyFm0EheiwA\">Le r\u00e9flexe (Cat\u00e9gorie histoire vraie)<\/a><\/li>\n\n\n\n<li><a href=\"https:\/\/twitter.com\/BB27000\/status\/1576899642276470785?s=20&amp;t=9C3V83611wRoyFm0EheiwA\">La gare du Lioran (Cat\u00e9gorie histoire vraie)<\/a><\/li>\n\n\n\n<li><a href=\"https:\/\/twitter.com\/BB27000\/status\/1576095800567812096?s=20&amp;t=9C3V83611wRoyFm0EheiwA\">Il \u00e9tait une f\u00e9e (Cat\u00e9gorie histoire vraie)<\/a><\/li>\n\n\n\n<li>61&nbsp;\u00e0&nbsp;70<\/li>\n\n\n\n<li><a href=\"https:\/\/twitter.com\/BB27000\/status\/1594347357096787970?s=20&amp;t=SRXx6JJByqKEJmGu_c2mDg\">Le blaireau imprudent (Cat\u00e9gorie histoire vraie)<\/a><\/li>\n\n\n\n<li><a href=\"https:\/\/twitter.com\/BB27000\/status\/1589856437353652225?s=20&amp;t=SRXx6JJByqKEJmGu_c2mDg\">La fuite (Cat\u00e9gorie technique)<\/a><\/li>\n\n\n\n<li><a href=\"https:\/\/twitter.com\/BB27000\/status\/1625896829618454529?s=20\">La sale nuit (Cat\u00e9gorie Histoire vraie)<\/a><\/li>\n\n\n\n<li><a href=\"https:\/\/twitter.com\/BB27000\/status\/1641821300430700546?s=20\">Le viaduc de Garabit (Cat\u00e9gorie histoire vraie)<\/a><\/li>\n\n\n\n<li><a href=\"https:\/\/twitter.com\/BB27000\/status\/1667140533150466048?s=20\">Ma premi\u00e8re rel\u00e8ve (Cat\u00e9gorie personnelle)<\/a><\/li>\n\n\n\n<li><a href=\"https:\/\/x.com\/BB27000\/status\/1719776087868137660?s=20\">Le Cantal Express<\/a><\/li>\n\n\n\n<li><a href=\"https:\/\/x.com\/BB27000\/status\/1714673357449232838?s=20\">Le coup de bol \u00e9norme<\/a><\/li>\n\n\n\n<li><a href=\"https:\/\/x.com\/BB27000\/status\/1699855034635182082?s=20\">Le train de p\u00e8lerins (Cat\u00e9gorie religion)<\/a><\/li>\n\n\n\n<li><a href=\"https:\/\/x.com\/BB27000\/status\/1695847034660483394?s=20\">La voie verte (Cat\u00e9gorie balade)<\/a><\/li>\n\n\n\n<li><a href=\"http:\/\/Pourquoi j'ai cr\u00e9e le compte BB37000\">Pourquoi j&rsquo;ai cr\u00e9e le compte BB37000<\/a><\/li>\n\n\n\n<li>71&nbsp;\u00e0&#8230;<\/li>\n<\/ul>\n\n\n\n<figure class=\"wp-block-gallery has-nested-images columns-default is-cropped wp-block-gallery-1 is-layout-flex wp-block-gallery-is-layout-flex\">\n<figure class=\"wp-block-image size-large\"><img loading=\"lazy\" decoding=\"async\" width=\"1024\" height=\"305\" data-id=\"85\" src=\"https:\/\/www.bb27000.fr\/wp-content\/uploads\/2024\/05\/AGC-CANTAL-1024x305.jpg\" alt=\"\" class=\"wp-image-85\" srcset=\"https:\/\/bb27000.fr\/wp-content\/uploads\/2024\/05\/AGC-CANTAL-1024x305.jpg 1024w, https:\/\/bb27000.fr\/wp-content\/uploads\/2024\/05\/AGC-CANTAL-300x89.jpg 300w, https:\/\/bb27000.fr\/wp-content\/uploads\/2024\/05\/AGC-CANTAL-768x229.jpg 768w, https:\/\/bb27000.fr\/wp-content\/uploads\/2024\/05\/AGC-CANTAL-1536x458.jpg 1536w, https:\/\/bb27000.fr\/wp-content\/uploads\/2024\/05\/AGC-CANTAL-2048x611.jpg 2048w\" sizes=\"auto, (max-width: 1024px) 100vw, 1024px\" \/><\/figure>\n<\/figure>\n","protected":false},"excerpt":{"rendered":"<p>Tout ce qui m&rsquo;est arriv\u00e9 en 25 ans de chemin de fer. Le pire et le meilleur.<\/p>\n","protected":false},"author":1,"featured_media":0,"parent":0,"menu_order":0,"comment_status":"closed","ping_status":"closed","template":"","meta":{"footnotes":""},"class_list":["post-84","page","type-page","status-publish","hentry"],"_links":{"self":[{"href":"https:\/\/bb27000.fr\/index.php\/wp-json\/wp\/v2\/pages\/84","targetHints":{"allow":["GET"]}}],"collection":[{"href":"https:\/\/bb27000.fr\/index.php\/wp-json\/wp\/v2\/pages"}],"about":[{"href":"https:\/\/bb27000.fr\/index.php\/wp-json\/wp\/v2\/types\/page"}],"author":[{"embeddable":true,"href":"https:\/\/bb27000.fr\/index.php\/wp-json\/wp\/v2\/users\/1"}],"replies":[{"embeddable":true,"href":"https:\/\/bb27000.fr\/index.php\/wp-json\/wp\/v2\/comments?post=84"}],"version-history":[{"count":11,"href":"https:\/\/bb27000.fr\/index.php\/wp-json\/wp\/v2\/pages\/84\/revisions"}],"predecessor-version":[{"id":270,"href":"https:\/\/bb27000.fr\/index.php\/wp-json\/wp\/v2\/pages\/84\/revisions\/270"}],"wp:attachment":[{"href":"https:\/\/bb27000.fr\/index.php\/wp-json\/wp\/v2\/media?parent=84"}],"curies":[{"name":"wp","href":"https:\/\/api.w.org\/{rel}","templated":true}]}}