{"id":49,"date":"2024-05-01T12:34:08","date_gmt":"2024-05-01T10:34:08","guid":{"rendered":"https:\/\/www.bb27000.fr\/?page_id=49"},"modified":"2024-05-01T17:35:12","modified_gmt":"2024-05-01T15:35:12","slug":"les-accidents-hors-normes","status":"publish","type":"page","link":"https:\/\/bb27000.fr\/index.php\/les-accidents-hors-normes\/","title":{"rendered":"Les accidents hors normes"},"content":{"rendered":"\n<p>Les accidents les plus spectaculaires, les plus terrible, ou les plus improbables. <\/p>\n\n\n\n<ul class=\"wp-block-list\">\n<li>1&nbsp;\u00e0 10<\/li>\n<\/ul>\n\n\n\n<p><\/p>\n\n\n\n<ul class=\"wp-block-list\">\n<li><a href=\"https:\/\/twitter.com\/BB27000\/status\/1127137015215030272?s=20\">La trag\u00e9die de Quintinshill, le plus grand accident de train au Royaume Unis. (cat\u00e9gorie accident)<\/a><\/li>\n\n\n\n<li><a href=\"https:\/\/twitter.com\/BB27000\/status\/1658126408336506881?s=20\">L&rsquo;explosion spectaculaire de la chaudi\u00e8re de la 141 C-623 (cat\u00e9gorie accident)<\/a><\/li>\n\n\n\n<li><a href=\"https:\/\/twitter.com\/BB27000\/status\/1108677225509990401?s=20\">Un accident de train avec un \u00ab\u00a0H\u00e9ro\u00a0\u00bb dedans: (cat\u00e9gorie accident)<\/a><\/li>\n\n\n\n<li><a href=\"https:\/\/twitter.com\/BB27000\/status\/1108291204498837504?s=20\">Le tunnel de Bolvano, 600 morts \u00e0 0 km\/h (cat\u00e9gorie accident)<\/a><\/li>\n\n\n\n<li><a href=\"https:\/\/twitter.com\/BB27000\/status\/1058443209955794944?s=20\">Le crash VOLONTAIRE de deux locomotives l&rsquo;une vers l&rsquo;autre (cat\u00e9gorie accident)<\/a><\/li>\n\n\n\n<li><a href=\"https:\/\/twitter.com\/BB27000\/status\/1122205724959019008?s=20\">Quand deux (vrais) \u00e2nes font d\u00e9railler un train. (cat\u00e9gorie accident)<\/a><\/li>\n\n\n\n<li><a href=\"https:\/\/twitter.com\/BB27000\/status\/1107757110073442304?s=20\">Un train percute un char (cat\u00e9gorie accident)<\/a><\/li>\n\n\n\n<li>&nbsp;<a href=\"https:\/\/twitter.com\/BB27000\/status\/1256179868468903937?s=20\">L&rsquo;accident de Blangy et ses 944 bouteilles de gaz (Cat\u00e9gorie Accident)<\/a><\/li>\n\n\n\n<li><a href=\"https:\/\/x.com\/BB27000\/status\/1711763359261970533?s=20\">L&rsquo;accident de train le plus cher de France (Cat\u00e9gorie Accident)<\/a><\/li>\n\n\n\n<li><a href=\"https:\/\/twitter.com\/BB27000\/status\/1268202843305099264?s=20\">Le quasi accident avec h\u00e9licopt\u00e8re (Cat\u00e9gorie accident)<\/a><\/li>\n<\/ul>\n\n\n\n<p><\/p>\n\n\n\n<ul class=\"wp-block-list\">\n<li>11 \u00e0 20<\/li>\n<\/ul>\n\n\n\n<p><\/p>\n\n\n\n<ul class=\"wp-block-list\">\n<li><a href=\"https:\/\/twitter.com\/BB27000\/status\/1397263010687750144?s=20\">Le face \u00e0 face de Flaugeac (Cat\u00e9gorie accident)<\/a><\/li>\n\n\n\n<li><a href=\"https:\/\/twitter.com\/BB27000\/status\/1405972493907681290?s=20\">Le plus grand accident de train en Russie (Cat\u00e9gorie accident)<\/a><\/li>\n\n\n\n<li><a href=\"https:\/\/twitter.com\/BB27000\/status\/1444683362417975299?s=20\">Le premier grand accident de train de l&rsquo;histoire (Cat\u00e9gorie Accident)<\/a><\/li>\n\n\n\n<li><a href=\"https:\/\/twitter.com\/BB27000\/status\/1468613807195004928?s=20\">L&rsquo;accident de train le plus grave en France (Cat\u00e9gorie Histoire)<\/a><\/li>\n\n\n\n<li><a href=\"https:\/\/twitter.com\/BB27000\/status\/1470420668877520896?s=20\">Les premiers poilus Mort pour la France (Cat\u00e9gorie histoire)<\/a><\/li>\n\n\n\n<li><a href=\"https:\/\/twitter.com\/BB27000\/status\/1526166986199388160?s=20&amp;t=BrlACtkvRRxp5ItyXPMb6w\">L&rsquo;accident \u00e9vit\u00e9 de justesse (cat\u00e9gorie accident )<\/a><\/li>\n\n\n\n<li><a href=\"https:\/\/twitter.com\/BB27000\/status\/1522135167707590656?s=20&amp;t=BrlACtkvRRxp5ItyXPMb6w\">Analyse d&rsquo;un accident (Cat\u00e9gorie accident)<\/a><\/li>\n\n\n\n<li><a href=\"https:\/\/twitter.com\/BB27000\/status\/1546154295023779840?s=20&amp;t=0xf0FsA2p7z_9FFv-91mPA\">Le TGV et le camion de pomme de terre (Categorie Accident)<\/a><\/li>\n\n\n\n<li><a href=\"https:\/\/twitter.com\/BB27000\/status\/1544952999813971968?s=20&amp;t=0xf0FsA2p7z_9FFv-91mPA\">La photo de l&rsquo;accident plus celebre (Cat\u00e9gorie accident)<\/a><\/li>\n\n\n\n<li><a href=\"https:\/\/twitter.com\/BB27000\/status\/1546154295023779840?s=20&amp;t=mVleXcpoRQbf6wc3C1iUWQ\">Le choc avec la poudre (Cat\u00e9gorie accident)<\/a><\/li>\n<\/ul>\n\n\n\n<p><\/p>\n\n\n\n<ul class=\"wp-block-list\">\n<li>21&nbsp;\u00e0&nbsp;&#8230;<\/li>\n<\/ul>\n\n\n\n<p><\/p>\n\n\n\n<ul class=\"wp-block-list\">\n<li>&nbsp;<a href=\"https:\/\/twitter.com\/BB27000\/status\/1580201827747868673?s=20&amp;t=9C3V83611wRoyFm0EheiwA\">Le Z\u00e9bu (Cat\u00e9gorie accident)<\/a><\/li>\n\n\n\n<li><a href=\"https:\/\/twitter.com\/BB27000\/status\/1572596453251452931?s=20&amp;t=9C3V83611wRoyFm0EheiwA\">L&rsquo;accident de Balbigny (Categorie accident)<\/a><\/li>\n\n\n\n<li><a href=\"https:\/\/twitter.com\/BB27000\/status\/1595066569469710336?s=20&amp;t=SRXx6JJByqKEJmGu_c2mDg\">Un d\u00e9raillement et une le\u00e7on ( Cat\u00e9gorie accident)<\/a><\/li>\n\n\n\n<li><a href=\"https:\/\/twitter.com\/BB27000\/status\/1631571354154594304?s=20\">Rappel des types d&rsquo;accidents ferroviaires<\/a><\/li>\n<\/ul>\n","protected":false},"excerpt":{"rendered":"<p>Les accidents les plus spectaculaires, les plus terrible, ou les plus improbables.<\/p>\n","protected":false},"author":1,"featured_media":0,"parent":0,"menu_order":0,"comment_status":"closed","ping_status":"closed","template":"","meta":{"footnotes":""},"class_list":["post-49","page","type-page","status-publish","hentry"],"_links":{"self":[{"href":"https:\/\/bb27000.fr\/index.php\/wp-json\/wp\/v2\/pages\/49","targetHints":{"allow":["GET"]}}],"collection":[{"href":"https:\/\/bb27000.fr\/index.php\/wp-json\/wp\/v2\/pages"}],"about":[{"href":"https:\/\/bb27000.fr\/index.php\/wp-json\/wp\/v2\/types\/page"}],"author":[{"embeddable":true,"href":"https:\/\/bb27000.fr\/index.php\/wp-json\/wp\/v2\/users\/1"}],"replies":[{"embeddable":true,"href":"https:\/\/bb27000.fr\/index.php\/wp-json\/wp\/v2\/comments?post=49"}],"version-history":[{"count":2,"href":"https:\/\/bb27000.fr\/index.php\/wp-json\/wp\/v2\/pages\/49\/revisions"}],"predecessor-version":[{"id":82,"href":"https:\/\/bb27000.fr\/index.php\/wp-json\/wp\/v2\/pages\/49\/revisions\/82"}],"wp:attachment":[{"href":"https:\/\/bb27000.fr\/index.php\/wp-json\/wp\/v2\/media?parent=49"}],"curies":[{"name":"wp","href":"https:\/\/api.w.org\/{rel}","templated":true}]}}