{"id":40,"date":"2024-05-01T12:31:57","date_gmt":"2024-05-01T10:31:57","guid":{"rendered":"https:\/\/www.bb27000.fr\/?page_id=40"},"modified":"2024-08-08T14:56:49","modified_gmt":"2024-08-08T12:56:49","slug":"les-pannes-de-rene","status":"publish","type":"page","link":"https:\/\/bb27000.fr\/index.php\/les-pannes-de-rene\/","title":{"rendered":"Les pannes de Ren\u00e9"},"content":{"rendered":"\n<p><\/p>\n\n\n\n<p>Ren\u00e9 est un conducteur fictif, mais les pannes qui lui arrivent sont bien r\u00e9elles. Id\u00e9al pour comprendre les situations complexes que peut rencontrer un conducteur de train.<\/p>\n\n\n\n<ul class=\"wp-block-list\">\n<li><a href=\"https:\/\/x.com\/BB27000\/status\/1736062731961208891?s=20\">Ren\u00e9 a le train qui freine tout seul<\/a><\/li>\n\n\n\n<li><a href=\"https:\/\/x.com\/BB27000\/status\/1735590650144235562?s=20\">Ren\u00e9 et la pelleteuse maudite<\/a><\/li>\n\n\n\n<li><a href=\"https:\/\/x.com\/BB27000\/status\/1731397558663073943?s=20\">Ren\u00e9 et la panne du frein<\/a><\/li>\n\n\n\n<li><a href=\"https:\/\/x.com\/BB27000\/status\/1729889634786869332?s=20\">Ren\u00e9 et le pantographe gel\u00e9<\/a><\/li>\n\n\n\n<li><a href=\"https:\/\/x.com\/BB27000\/status\/1782079370900738273\" data-type=\"link\" data-id=\"https:\/\/x.com\/BB27000\/status\/1782079370900738273\">Ren\u00e9 et la porte qui ferme mal.<\/a><\/li>\n\n\n\n<li><a href=\"https:\/\/x.com\/BB27000\/status\/1775553775329038795\">Ren\u00e9 et la demande de secours<\/a><\/li>\n\n\n\n<li><a href=\"https:\/\/x.com\/BB27000\/status\/1765772010930442524\">Ren\u00e9 et les barri\u00e8res du passage a niveau cass\u00e9<\/a><\/li>\n\n\n\n<li><a href=\"https:\/\/x.com\/BB27000\/status\/1756031724620828856\">Ren\u00e9 perds ses cameras. <\/a><\/li>\n<\/ul>\n\n\n\n<figure class=\"wp-block-image size-large\"><img loading=\"lazy\" decoding=\"async\" width=\"1024\" height=\"375\" src=\"https:\/\/www.bb27000.fr\/wp-content\/uploads\/2024\/05\/BB37000-PACTER-1024x375.jpg\" alt=\"\" class=\"wp-image-41\" srcset=\"https:\/\/bb27000.fr\/wp-content\/uploads\/2024\/05\/BB37000-PACTER-1024x375.jpg 1024w, https:\/\/bb27000.fr\/wp-content\/uploads\/2024\/05\/BB37000-PACTER-300x110.jpg 300w, https:\/\/bb27000.fr\/wp-content\/uploads\/2024\/05\/BB37000-PACTER-768x281.jpg 768w, https:\/\/bb27000.fr\/wp-content\/uploads\/2024\/05\/BB37000-PACTER-1536x563.jpg 1536w, https:\/\/bb27000.fr\/wp-content\/uploads\/2024\/05\/BB37000-PACTER-2048x750.jpg 2048w\" sizes=\"auto, (max-width: 1024px) 100vw, 1024px\" \/><\/figure>\n","protected":false},"excerpt":{"rendered":"<p>Ren\u00e9 est un conducteur fictif, mais les pannes qui lui arrivent sont bien r\u00e9elles. Id\u00e9al pour comprendre les situations complexes que peut rencontrer un conducteur de train.<\/p>\n","protected":false},"author":1,"featured_media":0,"parent":0,"menu_order":0,"comment_status":"closed","ping_status":"closed","template":"","meta":{"footnotes":""},"class_list":["post-40","page","type-page","status-publish","hentry"],"_links":{"self":[{"href":"https:\/\/bb27000.fr\/index.php\/wp-json\/wp\/v2\/pages\/40","targetHints":{"allow":["GET"]}}],"collection":[{"href":"https:\/\/bb27000.fr\/index.php\/wp-json\/wp\/v2\/pages"}],"about":[{"href":"https:\/\/bb27000.fr\/index.php\/wp-json\/wp\/v2\/types\/page"}],"author":[{"embeddable":true,"href":"https:\/\/bb27000.fr\/index.php\/wp-json\/wp\/v2\/users\/1"}],"replies":[{"embeddable":true,"href":"https:\/\/bb27000.fr\/index.php\/wp-json\/wp\/v2\/comments?post=40"}],"version-history":[{"count":7,"href":"https:\/\/bb27000.fr\/index.php\/wp-json\/wp\/v2\/pages\/40\/revisions"}],"predecessor-version":[{"id":212,"href":"https:\/\/bb27000.fr\/index.php\/wp-json\/wp\/v2\/pages\/40\/revisions\/212"}],"wp:attachment":[{"href":"https:\/\/bb27000.fr\/index.php\/wp-json\/wp\/v2\/media?parent=40"}],"curies":[{"name":"wp","href":"https:\/\/api.w.org\/{rel}","templated":true}]}}