{"id":188,"date":"2024-08-08T14:22:39","date_gmt":"2024-08-08T12:22:39","guid":{"rendered":"https:\/\/bb27000.fr\/?page_id=188"},"modified":"2024-08-08T15:02:13","modified_gmt":"2024-08-08T13:02:13","slug":"les-tout-derniers-thread-sortis","status":"publish","type":"page","link":"https:\/\/bb27000.fr\/index.php\/les-tout-derniers-thread-sortis\/","title":{"rendered":"Les tout derniers Thread sortis"},"content":{"rendered":"\n<ul class=\"wp-block-list\">\n<li><a href=\"https:\/\/x.com\/BB27000\/status\/1820441070435504426\" data-type=\"link\" data-id=\"https:\/\/x.com\/BB27000\/status\/1820441070435504426\">La fermeture des portes des trains de banlieue<\/a><\/li>\n\n\n\n<li><a href=\"https:\/\/x.com\/BB27000\/status\/1817954141966114941\" data-type=\"link\" data-id=\"https:\/\/x.com\/BB27000\/status\/1817954141966114941\">Comment on acc\u00e9l\u00e8re un train<\/a><\/li>\n\n\n\n<li><a href=\"https:\/\/x.com\/BB27000\/status\/1817410180885209309\">Le bruit des cliquetis sur le toit du TGV<\/a><\/li>\n\n\n\n<li><a href=\"https:\/\/x.com\/BB27000\/status\/1817099780775989748\" data-type=\"link\" data-id=\"https:\/\/x.com\/BB27000\/status\/1817099780775989748\">Le d\u00e9tournement des TGV<\/a><\/li>\n\n\n\n<li><a href=\"https:\/\/x.com\/BB27000\/status\/1816132653806149811\" data-type=\"link\" data-id=\"https:\/\/x.com\/BB27000\/status\/1816132653806149811\">Que doit faire le conducteur en cas de choc frontal<\/a><\/li>\n\n\n\n<li><a href=\"https:\/\/x.com\/BB27000\/status\/1807718298013868407\" data-type=\"link\" data-id=\"https:\/\/x.com\/BB27000\/status\/1807718298013868407\">L&rsquo;utilisation de la radio Sol Train<\/a><\/li>\n\n\n\n<li><a href=\"https:\/\/x.com\/BB27000\/status\/1803461944478777556\">Les affichages en cabine<\/a><\/li>\n\n\n\n<li><a href=\"https:\/\/x.com\/BB27000\/status\/1802063390300336174\" data-type=\"link\" data-id=\"https:\/\/x.com\/BB27000\/status\/1802063390300336174\">Les moteurs du X73500<\/a><\/li>\n\n\n\n<li><a href=\"https:\/\/x.com\/BB27000\/status\/1801556028850422176\">Pourquoi il n y a qu&rsquo;un seul conducteur en cabine de train<\/a><\/li>\n\n\n\n<li><a href=\"https:\/\/x.com\/BB27000\/status\/1798052486512820661\">le nouveau TER Hybride<\/a><\/li>\n\n\n\n<li><a href=\"https:\/\/x.com\/BB27000\/status\/1790395997786423535\" data-type=\"link\" data-id=\"https:\/\/x.com\/BB27000\/status\/1790395997786423535\">La progression en comp\u00e9tences des conducteurs<\/a><\/li>\n\n\n\n<li><a href=\"https:\/\/x.com\/BB27000\/status\/1785613824877293941\" data-type=\"link\" data-id=\"https:\/\/x.com\/BB27000\/status\/1785613824877293941\">L&rsquo;histoire Belge<\/a><\/li>\n\n\n\n<li><a href=\"https:\/\/x.com\/BB27000\/status\/1783107385336226048\">Que cache l&rsquo;histoire des rails de Bercy<\/a><\/li>\n\n\n\n<li><a href=\"https:\/\/x.com\/BB27000\/status\/1782079370900738273\">Comment d\u00e9samorcer les probl\u00e8mes avec les voyageurs<\/a><\/li>\n\n\n\n<li><a href=\"https:\/\/x.com\/BB27000\/status\/1779852294592274695\" data-type=\"link\" data-id=\"https:\/\/x.com\/BB27000\/status\/1779852294592274695\">Les trains perdus<\/a><\/li>\n\n\n\n<li><a href=\"https:\/\/x.com\/BB27000\/status\/1778092355351884075\">Le braquage l\u00e9gal de la BIJOUterie <\/a><\/li>\n\n\n\n<li><a href=\"https:\/\/x.com\/BB27000\/status\/1776884057038528842\" data-type=\"link\" data-id=\"https:\/\/x.com\/BB27000\/status\/1776884057038528842\">La Grande Ceinture, une ligne capitale<\/a><\/li>\n\n\n\n<li><a href=\"https:\/\/x.com\/BB27000\/status\/1772896123209822369\" data-type=\"link\" data-id=\"https:\/\/x.com\/BB27000\/status\/1772896123209822369\">Pourquoi un train ne peut pas d\u00e9passer les vitesses autoris\u00e9es<\/a><\/li>\n\n\n\n<li><a href=\"https:\/\/x.com\/BB27000\/status\/1770067998117683635\">Le TER JUMBO, le pr\u00e9f\u00e9r\u00e9 des cyclistes<\/a><\/li>\n\n\n\n<li><a href=\"https:\/\/x.com\/BB27000\/status\/1768615216013512847\">Les tains autonomes de demain. Ou pas.<\/a><\/li>\n\n\n\n<li><a href=\"https:\/\/x.com\/BB27000\/status\/1766782195299930277\">La l\u00e9gende des trains japonais avec une minute de retard<\/a><\/li>\n\n\n\n<li><a href=\"https:\/\/x.com\/BB27000\/status\/1763939544745885988\">Les concurrents de la SNCF, les vrais et les faux.<\/a><\/li>\n\n\n\n<li><a href=\"https:\/\/x.com\/BB27000\/status\/1762818806731198657\">Les arbres qui tombent sur la catenaire. <\/a><\/li>\n\n\n\n<li><a href=\"https:\/\/x.com\/BB27000\/status\/1760973968352149729\">Comment trouver une voie ferr\u00e9e abandonn\u00e9e pr\u00e8s de chez soit.<\/a><\/li>\n\n\n\n<li><a href=\"https:\/\/x.com\/BB27000\/status\/1752270517665444285\">Le nouveau dispositif pour les malvoyants sur les TER.<\/a><\/li>\n\n\n\n<li><a href=\"https:\/\/x.com\/BB27000\/status\/1748031386873708752\">Le train racleur, le casseur de glace.<\/a><\/li>\n<\/ul>\n","protected":false},"excerpt":{"rendered":"","protected":false},"author":1,"featured_media":0,"parent":0,"menu_order":0,"comment_status":"closed","ping_status":"closed","template":"","meta":{"footnotes":""},"class_list":["post-188","page","type-page","status-publish","hentry"],"_links":{"self":[{"href":"https:\/\/bb27000.fr\/index.php\/wp-json\/wp\/v2\/pages\/188","targetHints":{"allow":["GET"]}}],"collection":[{"href":"https:\/\/bb27000.fr\/index.php\/wp-json\/wp\/v2\/pages"}],"about":[{"href":"https:\/\/bb27000.fr\/index.php\/wp-json\/wp\/v2\/types\/page"}],"author":[{"embeddable":true,"href":"https:\/\/bb27000.fr\/index.php\/wp-json\/wp\/v2\/users\/1"}],"replies":[{"embeddable":true,"href":"https:\/\/bb27000.fr\/index.php\/wp-json\/wp\/v2\/comments?post=188"}],"version-history":[{"count":10,"href":"https:\/\/bb27000.fr\/index.php\/wp-json\/wp\/v2\/pages\/188\/revisions"}],"predecessor-version":[{"id":214,"href":"https:\/\/bb27000.fr\/index.php\/wp-json\/wp\/v2\/pages\/188\/revisions\/214"}],"wp:attachment":[{"href":"https:\/\/bb27000.fr\/index.php\/wp-json\/wp\/v2\/media?parent=188"}],"curies":[{"name":"wp","href":"https:\/\/api.w.org\/{rel}","templated":true}]}}